{"id":756,"date":"2023-11-15T11:20:19","date_gmt":"2023-11-15T11:20:19","guid":{"rendered":"https:\/\/d.r6.wbsprt.com\/umbrellacitylines.cz\/?page_id=756"},"modified":"2024-12-21T10:46:08","modified_gmt":"2024-12-21T10:46:08","slug":"privacy-police","status":"publish","type":"page","link":"https:\/\/umbrellacitylines.cz\/de\/privacy-police\/","title":{"rendered":"Datenschutzerkl\u00e4rung"},"content":{"rendered":"\n<h3 class=\"wp-block-heading\">Wer wir sind<\/h3>\n\n\n\n<p><strong>Vorgeschlagener Text:<\/strong><br>Unsere Website-Adresse lautet: <a href=\"https:\/\/d.r6.wbsprt.com\/umbrellacitylines.cz\">https:\/\/d.r6.wbsprt.com\/umbrellacitylines.cz<\/a>.<\/p>\n\n\n\n<h3 class=\"wp-block-heading\">Kommentare<\/h3>\n\n\n\n<p><strong>Vorgeschlagener Text:<\/strong><br>Wenn Besucher Kommentare auf der Website hinterlassen, erfassen wir die Daten, die im Kommentarformular angegeben sind, sowie die IP-Adresse des Besuchers und den Browser-Benutzeragenten, um Spam-Erkennung zu unterst\u00fctzen.<\/p>\n\n\n\n<p>Eine anonymisierte Zeichenkette, die aus Ihrer E-Mail-Adresse erstellt wurde (auch als Hash bezeichnet), kann dem Gravatar-Dienst zur Verf\u00fcgung gestellt werden, um zu \u00fcberpr\u00fcfen, ob Sie diesen verwenden. Die Datenschutzrichtlinie des Gravatar-Dienstes ist hier verf\u00fcgbar: <a href=\"https:\/\/automattic.com\/privacy\/\">https:\/\/automattic.com\/privacy\/<\/a>. Nach der Freigabe Ihres Kommentars ist Ihr Profilbild im Zusammenhang mit Ihrem Kommentar \u00f6ffentlich sichtbar.<\/p>\n\n\n\n<h3 class=\"wp-block-heading\">Medien<\/h3>\n\n\n\n<p><strong>Vorgeschlagener Text:<\/strong><br>Wenn Sie Bilder auf die Website hochladen, sollten Sie vermeiden, Bilder mit eingebetteten Standortdaten (EXIF GPS) hochzuladen. Besucher der Website k\u00f6nnen Standortdaten aus den Bildern auf der Website herunterladen und extrahieren.<\/p>\n\n\n\n<h3 class=\"wp-block-heading\">Cookies<\/h3>\n\n\n\n<p><strong>Vorgeschlagener Text:<\/strong><br>Wenn Sie einen Kommentar auf unserer Website hinterlassen, k\u00f6nnen Sie sich daf\u00fcr entscheiden, Ihren Namen, Ihre E-Mail-Adresse und Ihre Website in Cookies zu speichern. Dies dient Ihrer Bequemlichkeit, damit Sie diese Daten nicht erneut eingeben m\u00fcssen, wenn Sie einen weiteren Kommentar hinterlassen. Diese Cookies bleiben ein Jahr lang erhalten.<\/p>\n\n\n\n<p>Wenn Sie unsere Anmeldeseite besuchen, setzen wir ein tempor\u00e4res Cookie, um festzustellen, ob Ihr Browser Cookies akzeptiert. Dieses Cookie enth\u00e4lt keine pers\u00f6nlichen Daten und wird gel\u00f6scht, wenn Sie Ihren Browser schlie\u00dfen.<\/p>\n\n\n\n<p>Wenn Sie sich anmelden, setzen wir auch mehrere Cookies, um Ihre Anmeldeinformationen und Ihre Anzeigeeinstellungen zu speichern. Anmelde-Cookies bleiben zwei Tage lang erhalten, und Cookies f\u00fcr Anzeigeoptionen bleiben ein Jahr lang erhalten. Wenn Sie &#8220;Angemeldet bleiben&#8221; ausw\u00e4hlen, bleibt Ihre Anmeldung zwei Wochen bestehen. Wenn Sie sich von Ihrem Konto abmelden, werden die Anmelde-Cookies entfernt.<\/p>\n\n\n\n<p>Wenn Sie einen Artikel bearbeiten oder ver\u00f6ffentlichen, wird ein zus\u00e4tzliches Cookie in Ihrem Browser gespeichert. Dieses Cookie enth\u00e4lt keine pers\u00f6nlichen Daten und gibt lediglich die Beitrags-ID des bearbeiteten Artikels an. Es l\u00e4uft nach einem Tag ab.<\/p>\n\n\n\n<h3 class=\"wp-block-heading\">Eingebettete Inhalte von anderen Websites<\/h3>\n\n\n\n<p><strong>Vorgeschlagener Text:<\/strong><br>Artikel auf dieser Website k\u00f6nnen eingebettete Inhalte enthalten (z. B. Videos, Bilder, Artikel usw.). Eingebettete Inhalte von anderen Websites verhalten sich genau so, als h\u00e4tte der Besucher die andere Website besucht.<\/p>\n\n\n\n<p>Diese Websites k\u00f6nnen Daten \u00fcber Sie sammeln, Cookies verwenden, zus\u00e4tzliche Drittanbieter-Tracking-Dienste einbetten und Ihre Interaktion mit diesem eingebetteten Inhalt \u00fcberwachen, einschlie\u00dflich der Nachverfolgung Ihrer Interaktion mit dem eingebetteten Inhalt, wenn Sie ein Konto haben und auf dieser Website angemeldet sind.<\/p>\n\n\n\n<h3 class=\"wp-block-heading\">Mit wem wir Ihre Daten teilen<\/h3>\n\n\n\n<p><strong>Vorgeschlagener Text:<\/strong><br>Wenn Sie ein Zur\u00fccksetzen des Passworts anfordern, wird Ihre IP-Adresse in der E-Mail zum Zur\u00fccksetzen des Passworts enthalten sein.<\/p>\n\n\n\n<h3 class=\"wp-block-heading\">Wie lange wir Ihre Daten speichern<\/h3>\n\n\n\n<p><strong>Vorgeschlagener Text:<\/strong><br>Wenn Sie einen Kommentar hinterlassen, werden der Kommentar und seine Metadaten unbegrenzt gespeichert. Dies geschieht, damit wir Folgekommentare automatisch erkennen und freigeben k\u00f6nnen, anstatt sie in eine Moderationswarteschlange zu stellen.<\/p>\n\n\n\n<p>F\u00fcr Benutzer, die sich auf unserer Website registrieren (falls zutreffend), speichern wir auch die pers\u00f6nlichen Informationen, die sie in ihrem Benutzerprofil angeben. Alle Benutzer k\u00f6nnen ihre pers\u00f6nlichen Informationen jederzeit einsehen, bearbeiten oder l\u00f6schen (ausgenommen sie k\u00f6nnen ihren Benutzernamen nicht \u00e4ndern). Website-Administratoren k\u00f6nnen diese Informationen ebenfalls einsehen und bearbeiten.<\/p>\n\n\n\n<h3 class=\"wp-block-heading\">Welche Rechte Sie an Ihren Daten haben<\/h3>\n\n\n\n<p><strong>Vorgeschlagener Text:<\/strong><br>Wenn Sie ein Konto auf dieser Website haben oder Kommentare hinterlassen haben, k\u00f6nnen Sie eine exportierte Datei der personenbezogenen Daten anfordern, die wir \u00fcber Sie gespeichert haben, einschlie\u00dflich aller Daten, die Sie uns bereitgestellt haben. Sie k\u00f6nnen auch verlangen, dass wir alle personenbezogenen Daten, die wir \u00fcber Sie gespeichert haben, l\u00f6schen. Dies umfasst keine Daten, die wir aus administrativen, rechtlichen oder sicherheitsrelevanten Gr\u00fcnden aufbewahren m\u00fcssen.<\/p>\n\n\n\n<h3 class=\"wp-block-heading\">Wohin Ihre Daten gesendet werden<\/h3>\n\n\n\n<p><strong>Vorgeschlagener Text:<\/strong><br>Besucherkommentare k\u00f6nnen durch einen automatisierten Spam-Erkennungsdienst \u00fcberpr\u00fcft werden.<\/p>\n","protected":false},"excerpt":{"rendered":"<p>Wer wir sind Vorgeschlagener Text:Unsere Website-Adresse lautet: https:\/\/d.r6.wbsprt.com\/umbrellacitylines.cz. Kommentare Vorgeschlagener Text:Wenn Besucher Kommentare auf der Website hinterlassen, erfassen wir die Daten, die im Kommentarformular angegeben sind, sowie die IP-Adresse des Besuchers und den Browser-Benutzeragenten, um Spam-Erkennung zu unterst\u00fctzen. Eine anonymisierte Zeichenkette, die aus Ihrer E-Mail-Adresse erstellt wurde (auch als Hash bezeichnet), kann dem Gravatar-Dienst zur [&hellip;]<\/p>\n","protected":false},"author":9,"featured_media":0,"parent":0,"menu_order":0,"comment_status":"closed","ping_status":"open","template":"","meta":{"_acf_changed":false,"footnotes":""},"class_list":["post-756","page","type-page","status-publish","hentry"],"acf":[],"yoast_head":"<!-- This site is optimized with the Yoast SEO plugin v26.6 - https:\/\/yoast.com\/wordpress\/plugins\/seo\/ -->\n<title>Datenschutzerkl\u00e4rung - Umbrella City Lines<\/title>\n<meta name=\"robots\" content=\"index, follow, max-snippet:-1, max-image-preview:large, max-video-preview:-1\" \/>\n<link rel=\"canonical\" href=\"https:\/\/umbrellacitylines.cz\/de\/privacy-police\/\" \/>\n<meta property=\"og:locale\" content=\"de_DE\" \/>\n<meta property=\"og:type\" content=\"article\" \/>\n<meta property=\"og:title\" content=\"Datenschutzerkl\u00e4rung - Umbrella City Lines\" \/>\n<meta property=\"og:description\" content=\"Wer wir sind Vorgeschlagener Text:Unsere Website-Adresse lautet: https:\/\/d.r6.wbsprt.com\/umbrellacitylines.cz. Kommentare Vorgeschlagener Text:Wenn Besucher Kommentare auf der Website hinterlassen, erfassen wir die Daten, die im Kommentarformular angegeben sind, sowie die IP-Adresse des Besuchers und den Browser-Benutzeragenten, um Spam-Erkennung zu unterst\u00fctzen. Eine anonymisierte Zeichenkette, die aus Ihrer E-Mail-Adresse erstellt wurde (auch als Hash bezeichnet), kann dem Gravatar-Dienst zur [&hellip;]\" \/>\n<meta property=\"og:url\" content=\"https:\/\/umbrellacitylines.cz\/de\/privacy-police\/\" \/>\n<meta property=\"og:site_name\" content=\"Umbrella City Lines\" \/>\n<meta property=\"article:modified_time\" content=\"2024-12-21T10:46:08+00:00\" \/>\n<meta name=\"twitter:card\" content=\"summary_large_image\" \/>\n<meta name=\"twitter:label1\" content=\"Est. reading time\" \/>\n\t<meta name=\"twitter:data1\" content=\"4 minutes\" \/>\n<script type=\"application\/ld+json\" class=\"yoast-schema-graph\">{\"@context\":\"https:\/\/schema.org\",\"@graph\":[{\"@type\":\"WebPage\",\"@id\":\"https:\/\/umbrellacitylines.cz\/de\/privacy-police\/\",\"url\":\"https:\/\/umbrellacitylines.cz\/de\/privacy-police\/\",\"name\":\"Datenschutzerkl\u00e4rung - Umbrella City Lines\",\"isPartOf\":{\"@id\":\"https:\/\/umbrellacitylines.cz\/#website\"},\"datePublished\":\"2023-11-15T11:20:19+00:00\",\"dateModified\":\"2024-12-21T10:46:08+00:00\",\"breadcrumb\":{\"@id\":\"https:\/\/umbrellacitylines.cz\/de\/privacy-police\/#breadcrumb\"},\"inLanguage\":\"de-DE\",\"potentialAction\":[{\"@type\":\"ReadAction\",\"target\":[\"https:\/\/umbrellacitylines.cz\/de\/privacy-police\/\"]}]},{\"@type\":\"BreadcrumbList\",\"@id\":\"https:\/\/umbrellacitylines.cz\/de\/privacy-police\/#breadcrumb\",\"itemListElement\":[{\"@type\":\"ListItem\",\"position\":1,\"name\":\"Dom\u016f\",\"item\":\"https:\/\/umbrellacitylines.cz\/de\/\"},{\"@type\":\"ListItem\",\"position\":2,\"name\":\"Datenschutzerkl\u00e4rung\"}]},{\"@type\":\"WebSite\",\"@id\":\"https:\/\/umbrellacitylines.cz\/#website\",\"url\":\"https:\/\/umbrellacitylines.cz\/\",\"name\":\"Umbrella City Lines\",\"description\":\"\",\"potentialAction\":[{\"@type\":\"SearchAction\",\"target\":{\"@type\":\"EntryPoint\",\"urlTemplate\":\"https:\/\/umbrellacitylines.cz\/?s={search_term_string}\"},\"query-input\":{\"@type\":\"PropertyValueSpecification\",\"valueRequired\":true,\"valueName\":\"search_term_string\"}}],\"inLanguage\":\"de-DE\"}]}<\/script>\n<!-- \/ Yoast SEO plugin. -->","yoast_head_json":{"title":"Datenschutzerkl\u00e4rung - Umbrella City Lines","robots":{"index":"index","follow":"follow","max-snippet":"max-snippet:-1","max-image-preview":"max-image-preview:large","max-video-preview":"max-video-preview:-1"},"canonical":"https:\/\/umbrellacitylines.cz\/de\/privacy-police\/","og_locale":"de_DE","og_type":"article","og_title":"Datenschutzerkl\u00e4rung - Umbrella City Lines","og_description":"Wer wir sind Vorgeschlagener Text:Unsere Website-Adresse lautet: https:\/\/d.r6.wbsprt.com\/umbrellacitylines.cz. Kommentare Vorgeschlagener Text:Wenn Besucher Kommentare auf der Website hinterlassen, erfassen wir die Daten, die im Kommentarformular angegeben sind, sowie die IP-Adresse des Besuchers und den Browser-Benutzeragenten, um Spam-Erkennung zu unterst\u00fctzen. Eine anonymisierte Zeichenkette, die aus Ihrer E-Mail-Adresse erstellt wurde (auch als Hash bezeichnet), kann dem Gravatar-Dienst zur [&hellip;]","og_url":"https:\/\/umbrellacitylines.cz\/de\/privacy-police\/","og_site_name":"Umbrella City Lines","article_modified_time":"2024-12-21T10:46:08+00:00","twitter_card":"summary_large_image","twitter_misc":{"Est. reading time":"4 minutes"},"schema":{"@context":"https:\/\/schema.org","@graph":[{"@type":"WebPage","@id":"https:\/\/umbrellacitylines.cz\/de\/privacy-police\/","url":"https:\/\/umbrellacitylines.cz\/de\/privacy-police\/","name":"Datenschutzerkl\u00e4rung - Umbrella City Lines","isPartOf":{"@id":"https:\/\/umbrellacitylines.cz\/#website"},"datePublished":"2023-11-15T11:20:19+00:00","dateModified":"2024-12-21T10:46:08+00:00","breadcrumb":{"@id":"https:\/\/umbrellacitylines.cz\/de\/privacy-police\/#breadcrumb"},"inLanguage":"de-DE","potentialAction":[{"@type":"ReadAction","target":["https:\/\/umbrellacitylines.cz\/de\/privacy-police\/"]}]},{"@type":"BreadcrumbList","@id":"https:\/\/umbrellacitylines.cz\/de\/privacy-police\/#breadcrumb","itemListElement":[{"@type":"ListItem","position":1,"name":"Dom\u016f","item":"https:\/\/umbrellacitylines.cz\/de\/"},{"@type":"ListItem","position":2,"name":"Datenschutzerkl\u00e4rung"}]},{"@type":"WebSite","@id":"https:\/\/umbrellacitylines.cz\/#website","url":"https:\/\/umbrellacitylines.cz\/","name":"Umbrella City Lines","description":"","potentialAction":[{"@type":"SearchAction","target":{"@type":"EntryPoint","urlTemplate":"https:\/\/umbrellacitylines.cz\/?s={search_term_string}"},"query-input":{"@type":"PropertyValueSpecification","valueRequired":true,"valueName":"search_term_string"}}],"inLanguage":"de-DE"}]}},"_links":{"self":[{"href":"https:\/\/umbrellacitylines.cz\/de\/wp-json\/wp\/v2\/pages\/756","targetHints":{"allow":["GET"]}}],"collection":[{"href":"https:\/\/umbrellacitylines.cz\/de\/wp-json\/wp\/v2\/pages"}],"about":[{"href":"https:\/\/umbrellacitylines.cz\/de\/wp-json\/wp\/v2\/types\/page"}],"author":[{"embeddable":true,"href":"https:\/\/umbrellacitylines.cz\/de\/wp-json\/wp\/v2\/users\/9"}],"replies":[{"embeddable":true,"href":"https:\/\/umbrellacitylines.cz\/de\/wp-json\/wp\/v2\/comments?post=756"}],"version-history":[{"count":3,"href":"https:\/\/umbrellacitylines.cz\/de\/wp-json\/wp\/v2\/pages\/756\/revisions"}],"predecessor-version":[{"id":760,"href":"https:\/\/umbrellacitylines.cz\/de\/wp-json\/wp\/v2\/pages\/756\/revisions\/760"}],"wp:attachment":[{"href":"https:\/\/umbrellacitylines.cz\/de\/wp-json\/wp\/v2\/media?parent=756"}],"curies":[{"name":"wp","href":"https:\/\/api.w.org\/{rel}","templated":true}]}}